{"id":261,"date":"2025-02-07T16:21:19","date_gmt":"2025-02-07T21:21:19","guid":{"rendered":"https:\/\/gaiashop.com.co\/?post_type=product&#038;p=261"},"modified":"2025-04-25T13:52:55","modified_gmt":"2025-04-25T18:52:55","slug":"esther-skirt","status":"publish","type":"product","link":"https:\/\/gaiashop.com.co\/en\/product\/esther-skirt\/","title":{"rendered":"ESTHER SKIRT"},"content":{"rendered":"","protected":false},"excerpt":{"rendered":"<div><span lang=\"ES\">Sencillez y estilo en su m\u00e1xima expresi\u00f3n. Esta mini falda recta se ajusta a la perfecci\u00f3n para un look limpio y elegante.<\/span><\/div>\n<p>Material: 100% poliester<\/p>\n<p><strong>Fabricaci\u00f3n de prenda bajo pedido<\/strong><\/p>\n<p>Despachamos de 3 &#8211; 7 d\u00edas h\u00e1biles<\/p>\n<p>Disponible para PRE ORDER, la producci\u00f3n de esta pieza es entre 3 &#8211; 7 d\u00edas.<\/p>","protected":false},"featured_media":137,"template":"","meta":{"_background_id":0,"_xo_background":[]},"product_brand":[],"product_cat":[23,32,28],"product_tag":[],"class_list":{"0":"post-261","1":"product","2":"type-product","3":"status-publish","4":"has-post-thumbnail","6":"product_cat-bottoms","7":"product_cat-its-my-bday","8":"product_cat-sets","10":"first","11":"instock","12":"shipping-taxable","13":"purchasable","14":"product-type-variable","15":"wpzoom-wc-spi-has-enabled"},"aioseo_notices":[],"_links":{"self":[{"href":"https:\/\/gaiashop.com.co\/en\/wp-json\/wp\/v2\/product\/261","targetHints":{"allow":["GET"]}}],"collection":[{"href":"https:\/\/gaiashop.com.co\/en\/wp-json\/wp\/v2\/product"}],"about":[{"href":"https:\/\/gaiashop.com.co\/en\/wp-json\/wp\/v2\/types\/product"}],"wp:featuredmedia":[{"embeddable":true,"href":"https:\/\/gaiashop.com.co\/en\/wp-json\/wp\/v2\/media\/137"}],"wp:attachment":[{"href":"https:\/\/gaiashop.com.co\/en\/wp-json\/wp\/v2\/media?parent=261"}],"wp:term":[{"taxonomy":"product_brand","embeddable":true,"href":"https:\/\/gaiashop.com.co\/en\/wp-json\/wp\/v2\/product_brand?post=261"},{"taxonomy":"product_cat","embeddable":true,"href":"https:\/\/gaiashop.com.co\/en\/wp-json\/wp\/v2\/product_cat?post=261"},{"taxonomy":"product_tag","embeddable":true,"href":"https:\/\/gaiashop.com.co\/en\/wp-json\/wp\/v2\/product_tag?post=261"}],"curies":[{"name":"wp","href":"https:\/\/api.w.org\/{rel}","templated":true}]}}