{"id":15119,"date":"2025-06-24T15:53:58","date_gmt":"2025-06-24T20:53:58","guid":{"rendered":"https:\/\/gaiashop.com.co\/?post_type=product&#038;p=15119"},"modified":"2025-06-24T16:12:03","modified_gmt":"2025-06-24T21:12:03","slug":"ivonny-bonita-dress","status":"publish","type":"product","link":"https:\/\/gaiashop.com.co\/en\/product\/ivonny-bonita-dress\/","title":{"rendered":"IVONNY BONITA DRESS"},"content":{"rendered":"","protected":false},"excerpt":{"rendered":"<div>\n<p>Ivonny Bonita es un vestido de leopardo \u00a0esta dise\u00f1ado para las que brillan con el sol. Este vestido transl\u00facido es todo lo que necesitas para elevar tu verano: \u00fasalo como <em data-start=\"354\" data-end=\"366\">resortwear<\/em> sobre el bikini o como vestido para una cena frente al mar. Liviano, atrevido y con ese toque salvaje que atrae miradas sin esfuerzo. Incluye panty negro<\/p>\n<p><strong>Fabricaci\u00f3n de prenda bajo pedido<\/strong><\/p>\n<\/div>\n<div>\n<p>Despachamos de 3 &#8211; 7 d\u00edas h\u00e1biles<\/p>\n<\/div>\n<div>\n<p>Disponible para PRE ORDER, la producci\u00f3n de esta pieza es entre 3 &#8211; 7 d\u00edas.<\/p>\n<\/div>","protected":false},"featured_media":15120,"template":"","meta":{"_background_id":0,"_xo_background":[]},"product_brand":[],"product_cat":[22,26],"product_tag":[],"class_list":{"0":"post-15119","1":"product","2":"type-product","3":"status-publish","4":"has-post-thumbnail","6":"product_cat-beachwear","7":"product_cat-dresses","9":"first","10":"instock","11":"shipping-taxable","12":"purchasable","13":"product-type-variable","14":"wpzoom-wc-spi-has-enabled"},"aioseo_notices":[],"_links":{"self":[{"href":"https:\/\/gaiashop.com.co\/en\/wp-json\/wp\/v2\/product\/15119","targetHints":{"allow":["GET"]}}],"collection":[{"href":"https:\/\/gaiashop.com.co\/en\/wp-json\/wp\/v2\/product"}],"about":[{"href":"https:\/\/gaiashop.com.co\/en\/wp-json\/wp\/v2\/types\/product"}],"wp:featuredmedia":[{"embeddable":true,"href":"https:\/\/gaiashop.com.co\/en\/wp-json\/wp\/v2\/media\/15120"}],"wp:attachment":[{"href":"https:\/\/gaiashop.com.co\/en\/wp-json\/wp\/v2\/media?parent=15119"}],"wp:term":[{"taxonomy":"product_brand","embeddable":true,"href":"https:\/\/gaiashop.com.co\/en\/wp-json\/wp\/v2\/product_brand?post=15119"},{"taxonomy":"product_cat","embeddable":true,"href":"https:\/\/gaiashop.com.co\/en\/wp-json\/wp\/v2\/product_cat?post=15119"},{"taxonomy":"product_tag","embeddable":true,"href":"https:\/\/gaiashop.com.co\/en\/wp-json\/wp\/v2\/product_tag?post=15119"}],"curies":[{"name":"wp","href":"https:\/\/api.w.org\/{rel}","templated":true}]}}